{"id":9807,"date":"2025-02-11T13:57:34","date_gmt":"2025-02-11T12:57:34","guid":{"rendered":"https:\/\/getzieh.de\/?page_id=9807"},"modified":"2025-02-12T10:59:38","modified_gmt":"2025-02-12T09:59:38","slug":"impressum","status":"publish","type":"page","link":"https:\/\/getzieh.de\/?page_id=9807","title":{"rendered":"Impressum"},"content":{"rendered":"\t\t<div data-elementor-type=\"wp-page\" data-elementor-id=\"9807\" class=\"elementor elementor-9807\">\n\t\t\t\t<div class=\"elementor-element elementor-element-2e0a487 e-flex e-con-boxed parallax_section_no qode_elementor_container_no e-con e-parent\" data-id=\"2e0a487\" data-element_type=\"container\">\n\t\t\t\t\t<div class=\"e-con-inner\">\n\t\t\t\t<div class=\"elementor-element elementor-element-38c001d elementor-widget elementor-widget-spacer\" data-id=\"38c001d\" data-element_type=\"widget\" data-widget_type=\"spacer.default\">\n\t\t\t\t<div class=\"elementor-widget-container\">\n\t\t\t\t\t<div class=\"elementor-spacer\">\n\t\t\t<div class=\"elementor-spacer-inner\"><\/div>\n\t\t<\/div>\n\t\t\t\t<\/div>\n\t\t\t\t<\/div>\n\t\t\t\t\t<\/div>\n\t\t\t\t<\/div>\n\t\t<div class=\"elementor-element elementor-element-d486622 e-flex e-con-boxed parallax_section_no qode_elementor_container_no e-con e-parent\" data-id=\"d486622\" data-element_type=\"container\">\n\t\t\t\t\t<div class=\"e-con-inner\">\n\t\t\t\t<div class=\"elementor-element elementor-element-1e866ca2 elementor-widget elementor-widget-text-editor\" data-id=\"1e866ca2\" data-element_type=\"widget\" data-widget_type=\"text-editor.default\">\n\t\t\t\t<div class=\"elementor-widget-container\">\n\t\t\t\t\t\t\t<p><!-- wp:paragraph --><\/p>\n<p><!-- \/wp:paragraph --><!-- wp:paragraph --><\/p>\n<p>Elena Getzieh, Marktstrasse 138, 20357 Hamburg.\u00a0Steuernr. 42\/071\/00760<\/p>\n<p><!-- \/wp:paragraph --><!-- wp:paragraph --><\/p>\n<p>mail@elenagetzieh.de<\/p>\n<p>\u00a0<\/p>\n<p><!-- \/wp:paragraph --><!-- wp:paragraph --><\/p>\n<p><!-- \/wp:paragraph --><!-- wp:paragraph --><\/p>\n<p><!-- \/wp:paragraph --><!-- wp:paragraph --><\/p>\n<p>Alle Rechte vorbehalten. Das Copyright f\u00fcr s\u00e4mtliche Materialien auf dieser Website liegt bei Elena Getzieh. Eine Vervielf\u00e4ltigung oder Verwendung s\u00e4mtlicher Abbildungen, Videos, Grafiken, Audio-Dateien und Texte usw. ist ohne ausdr\u00fcckliche schriftliche Genehmigung nicht gestattet. Elena Getzieh ist nicht verantwortlich f\u00fcr den Inhalt verlinkter externer oder indirekter Verweise auf dieser Website und \u00fcbernimmt keine Verantwortung f\u00fcr Darstellung, Inhalte oder irgendeine Verbindung zu Elena Getzieh auf Webseiten Dritter. Die Nutzung von angegebenen Kontaktdaten wie Postanschriften, Telefon-und Faxnummern sowie E-Mail-Adressen zu Marketing- Zwecken ist verboten.<\/p>\n<p><!-- \/wp:paragraph --><!-- wp:paragraph --><\/p>\n<p><!-- \/wp:paragraph --><!-- wp:paragraph --><\/p>\n<p><!-- \/wp:paragraph --><!-- wp:paragraph --><\/p>\n<p>\u00a0<\/p>\n<p>The contents of this website are copyrighted. The content of these pages may not be reproduced in any form of processed by use of electronic systems, duplicated or in any way distributed without written authorisation.<\/p>\n<p><!-- \/wp:paragraph --><\/p>\t\t\t\t\t\t<\/div>\n\t\t\t\t<\/div>\n\t\t\t\t\t<\/div>\n\t\t\t\t<\/div>\n\t\t<div class=\"elementor-element elementor-element-b38e16f e-flex e-con-boxed parallax_section_no qode_elementor_container_no e-con e-parent\" data-id=\"b38e16f\" data-element_type=\"container\">\n\t\t\t\t\t<div class=\"e-con-inner\">\n\t\t\t\t<div class=\"elementor-element elementor-element-95a25e1 elementor-widget elementor-widget-spacer\" data-id=\"95a25e1\" data-element_type=\"widget\" data-widget_type=\"spacer.default\">\n\t\t\t\t<div class=\"elementor-widget-container\">\n\t\t\t\t\t<div class=\"elementor-spacer\">\n\t\t\t<div class=\"elementor-spacer-inner\"><\/div>\n\t\t<\/div>\n\t\t\t\t<\/div>\n\t\t\t\t<\/div>\n\t\t\t\t\t<\/div>\n\t\t\t\t<\/div>\n\t\t<div class=\"elementor-element elementor-element-b9c47f1 e-flex e-con-boxed parallax_section_no qode_elementor_container_no e-con e-parent\" data-id=\"b9c47f1\" data-element_type=\"container\">\n\t\t\t\t\t<div class=\"e-con-inner\">\n\t\t\t\t\t<\/div>\n\t\t\t\t<\/div>\n\t\t<div class=\"elementor-element elementor-element-4628fe1 e-flex e-con-boxed parallax_section_no qode_elementor_container_no e-con e-parent\" data-id=\"4628fe1\" data-element_type=\"container\">\n\t\t\t\t\t<div class=\"e-con-inner\">\n\t\t\t\t\t<\/div>\n\t\t\t\t<\/div>\n\t\t<div class=\"elementor-element elementor-element-db6a040 e-flex e-con-boxed parallax_section_no qode_elementor_container_no e-con e-parent\" data-id=\"db6a040\" data-element_type=\"container\">\n\t\t\t\t\t<div class=\"e-con-inner\">\n\t\t<div class=\"elementor-element elementor-element-73bd610 e-con-full e-flex parallax_section_no qode_elementor_container_no e-con e-child\" data-id=\"73bd610\" data-element_type=\"container\">\n\t\t\t\t<\/div>\n\t\t<div class=\"elementor-element elementor-element-c8bee78 e-con-full e-flex parallax_section_no qode_elementor_container_no e-con e-child\" data-id=\"c8bee78\" data-element_type=\"container\">\n\t\t\t\t<\/div>\n\t\t\t\t\t<\/div>\n\t\t\t\t<\/div>\n\t\t<div class=\"elementor-element elementor-element-54652e9 e-flex e-con-boxed parallax_section_no qode_elementor_container_no e-con e-parent\" data-id=\"54652e9\" data-element_type=\"container\">\n\t\t\t\t\t<div class=\"e-con-inner\">\n\t\t\t\t\t<\/div>\n\t\t\t\t<\/div>\n\t\t<div class=\"elementor-element elementor-element-6418e3e e-con-full e-flex parallax_section_no qode_elementor_container_no e-con e-parent\" data-id=\"6418e3e\" data-element_type=\"container\">\n\t\t\t\t<div class=\"elementor-element elementor-element-59040dc elementor-widget elementor-widget-text-editor\" data-id=\"59040dc\" data-element_type=\"widget\" data-widget_type=\"text-editor.default\">\n\t\t\t\t<div class=\"elementor-widget-container\">\n\t\t\t\t\t\t\t<p><!-- wp:paragraph --><!-- \/wp:paragraph --><!-- wp:paragraph --><\/p>\n<p>Elena Getzieh, Marktstrasse 138, 20357 Hamburg<\/p>\n<p>Steuernr. 42\/071\/00760<\/p>\n<p><!-- \/wp:paragraph --><!-- wp:paragraph --><\/p>\n<p>mail@elenagetzieh.de<\/p>\n<p>\u00a0<\/p>\n<p><!-- \/wp:paragraph --><!-- wp:paragraph --><!-- \/wp:paragraph --><!-- wp:paragraph --><!-- \/wp:paragraph --><!-- wp:paragraph --><\/p>\n<p>Alle Rechte vorbehalten. Das Copyright f\u00fcr s\u00e4mtliche Materialien auf dieser Website liegt bei Elena Getzieh. Eine Vervielf\u00e4ltigung oder Verwendung s\u00e4mtlicher Abbildungen, Videos, Grafiken, Audio-Dateien und Texte usw. ist ohne ausdr\u00fcckliche schriftliche Genehmigung nicht gestattet. Elena Getzieh ist nicht verantwortlich f\u00fcr den Inhalt verlinkter externer oder indirekter Verweise auf dieser Website und \u00fcbernimmt keine Verantwortung f\u00fcr Darstellung, Inhalte oder irgendeine Verbindung zu Elena Getzieh auf Webseiten Dritter. Die Nutzung von angegebenen Kontaktdaten wie Postanschriften, Telefon-und Faxnummern sowie E-Mail-Adressen zu Marketing- Zwecken ist verboten.<\/p>\n<p><!-- \/wp:paragraph --><!-- wp:paragraph --><!-- \/wp:paragraph --><!-- wp:paragraph --><!-- \/wp:paragraph --><!-- wp:paragraph --><\/p>\n<p>\u00a0<\/p>\n<p>The contents of this website are copyrighted. The content of these pages may not be reproduced in any form of processed by use of electronic systems, duplicated or in any way distributed without written authorisation.<\/p>\n<p><!-- \/wp:paragraph --><\/p>\n<p>\u00a0<\/p>\t\t\t\t\t\t<\/div>\n\t\t\t\t<\/div>\n\t\t\t\t<\/div>\n\t\t\t\t<\/div>\n\t\t","protected":false},"excerpt":{"rendered":"<p>Elena Getzieh, Marktstrasse 138, 20357 Hamburg.\u00a0Steuernr. 42\/071\/00760 mail@elenagetzieh.de \u00a0 Alle Rechte vorbehalten. Das Copyright f\u00fcr s\u00e4mtliche Materialien auf dieser Website liegt bei Elena Getzieh. Eine Vervielf\u00e4ltigung oder Verwendung s\u00e4mtlicher Abbildungen, Videos, Grafiken, Audio-Dateien und Texte usw. ist ohne ausdr\u00fcckliche schriftliche Genehmigung nicht gestattet. Elena Getzieh&#8230;<\/p>\n","protected":false},"author":1,"featured_media":0,"parent":0,"menu_order":0,"comment_status":"closed","ping_status":"closed","template":"","meta":{"footnotes":""},"class_list":["post-9807","page","type-page","status-publish","hentry"],"_links":{"self":[{"href":"https:\/\/getzieh.de\/index.php?rest_route=\/wp\/v2\/pages\/9807","targetHints":{"allow":["GET"]}}],"collection":[{"href":"https:\/\/getzieh.de\/index.php?rest_route=\/wp\/v2\/pages"}],"about":[{"href":"https:\/\/getzieh.de\/index.php?rest_route=\/wp\/v2\/types\/page"}],"author":[{"embeddable":true,"href":"https:\/\/getzieh.de\/index.php?rest_route=\/wp\/v2\/users\/1"}],"replies":[{"embeddable":true,"href":"https:\/\/getzieh.de\/index.php?rest_route=%2Fwp%2Fv2%2Fcomments&post=9807"}],"version-history":[{"count":12,"href":"https:\/\/getzieh.de\/index.php?rest_route=\/wp\/v2\/pages\/9807\/revisions"}],"predecessor-version":[{"id":10096,"href":"https:\/\/getzieh.de\/index.php?rest_route=\/wp\/v2\/pages\/9807\/revisions\/10096"}],"wp:attachment":[{"href":"https:\/\/getzieh.de\/index.php?rest_route=%2Fwp%2Fv2%2Fmedia&parent=9807"}],"curies":[{"name":"wp","href":"https:\/\/api.w.org\/{rel}","templated":true}]}}