{"id":9692,"date":"2024-11-05T08:27:52","date_gmt":"2024-11-05T07:27:52","guid":{"rendered":"https:\/\/getzieh.de\/?page_id=9692"},"modified":"2025-03-04T13:39:35","modified_gmt":"2025-03-04T12:39:35","slug":"work","status":"publish","type":"page","link":"https:\/\/getzieh.de\/?page_id=9692","title":{"rendered":"Leistungen"},"content":{"rendered":"\n<h3 class=\"wp-block-heading\"><\/h3>\n\n\n\n<p><strong>Konzept &amp; Umsetzung<\/strong><br>Von der ersten Idee bis zur fertigen Website \u2013 ich entwickle ma\u00dfgeschneiderte Webl\u00f6sungen, die Design, Funktionalit\u00e4t und Benutzerfreundlichkeit vereinen. Jede Webseite wird individuell auf deine Marke und Zielgruppe abgestimmt.<\/p>\n\n\n\n<p><\/p>\n\n\n\n<div style=\"height:49px\" aria-hidden=\"true\" class=\"wp-block-spacer\"><\/div>\n\n\n\n<p><strong>WordPress-Expertise<\/strong><br>Ich optimiere bestehende WordPress-Websites, behebe Fehler und passe Designs sowie Funktionen an deine W\u00fcnsche an. Ob ma\u00dfgeschneidertes Theme, Performance-Optimierung oder individuelle Plugins \u2013 ich mache deine Website leistungsst\u00e4rker.<\/p>\n\n\n\n<p><\/p>\n\n\n\n<div style=\"height:49px\" aria-hidden=\"true\" class=\"wp-block-spacer\"><\/div>\n\n\n\n<p><strong>SEO &amp; SEA<\/strong><br>Mehr Sichtbarkeit f\u00fcr deine Website! Ich sorge mit gezielter Suchmaschinenoptimierung (SEO) daf\u00fcr, dass deine Seite in den Suchergebnissen gefunden wird. Erg\u00e4nzend entwickle ich Strategien f\u00fcr Google Ads (SEA), um Reichweite und Conversions zu steigern.<\/p>\n\n\n\n<div style=\"height:49px\" aria-hidden=\"true\" class=\"wp-block-spacer\"><\/div>\n\n\n\n<p><strong>Fotografie<\/strong><br>Professionelle Bilder verleihen deiner Website Pers\u00f6nlichkeit und Authentizit\u00e4t. Ob Portraits, Produktfotos oder stimmungsvolle Imagefotografie \u2013 hochwertige Bilder machen den Unterschied.<\/p>\n\n\n\n<div style=\"height:49px\" aria-hidden=\"true\" class=\"wp-block-spacer\"><\/div>\n\n\n\n<p><\/p>\n\n\n\n<p><strong>Social Media &amp; Marketing-Strategien<\/strong><br>Erfolgreiche Online-Pr\u00e4senz endet nicht bei der Website. Ich helfe dir dabei, wirkungsvolle Social-Media-Strategien zu entwickeln und umzusetzen \u2013 f\u00fcr mehr Reichweite, Engagement und Markenst\u00e4rke.<\/p>\n\n\n\n<div style=\"height:49px\" aria-hidden=\"true\" class=\"wp-block-spacer\"><\/div>\n\n\n\n<p><\/p>\n\n\n\n<p><strong>Mein Ziel: <\/strong>Eine Website, die nicht nur&nbsp;<strong>\u00e4sthetisch \u00fcberzeugt<\/strong>, sondern auch&nbsp;<strong>technisch einwandfrei funktioniert<\/strong>&nbsp;und deine Zielgruppe genau dort abholt, wo sie sich bewegt.<\/p>\n\n\n\n<div style=\"height:164px\" aria-hidden=\"true\" class=\"wp-block-spacer\"><\/div>\n","protected":false},"excerpt":{"rendered":"<p>Konzept &amp; UmsetzungVon der ersten Idee bis zur fertigen Website \u2013 ich entwickle ma\u00dfgeschneiderte Webl\u00f6sungen, die Design, Funktionalit\u00e4t und Benutzerfreundlichkeit vereinen. Jede Webseite wird individuell auf deine Marke und Zielgruppe abgestimmt. WordPress-ExpertiseIch optimiere bestehende WordPress-Websites, behebe Fehler und passe Designs sowie Funktionen an deine W\u00fcnsche&#8230;<\/p>\n","protected":false},"author":1,"featured_media":0,"parent":0,"menu_order":0,"comment_status":"closed","ping_status":"closed","template":"","meta":{"footnotes":""},"class_list":["post-9692","page","type-page","status-publish","hentry"],"_links":{"self":[{"href":"https:\/\/getzieh.de\/index.php?rest_route=\/wp\/v2\/pages\/9692","targetHints":{"allow":["GET"]}}],"collection":[{"href":"https:\/\/getzieh.de\/index.php?rest_route=\/wp\/v2\/pages"}],"about":[{"href":"https:\/\/getzieh.de\/index.php?rest_route=\/wp\/v2\/types\/page"}],"author":[{"embeddable":true,"href":"https:\/\/getzieh.de\/index.php?rest_route=\/wp\/v2\/users\/1"}],"replies":[{"embeddable":true,"href":"https:\/\/getzieh.de\/index.php?rest_route=%2Fwp%2Fv2%2Fcomments&post=9692"}],"version-history":[{"count":14,"href":"https:\/\/getzieh.de\/index.php?rest_route=\/wp\/v2\/pages\/9692\/revisions"}],"predecessor-version":[{"id":10123,"href":"https:\/\/getzieh.de\/index.php?rest_route=\/wp\/v2\/pages\/9692\/revisions\/10123"}],"wp:attachment":[{"href":"https:\/\/getzieh.de\/index.php?rest_route=%2Fwp%2Fv2%2Fmedia&parent=9692"}],"curies":[{"name":"wp","href":"https:\/\/api.w.org\/{rel}","templated":true}]}}